{"id":142,"date":"2025-01-08T21:24:53","date_gmt":"2025-01-08T20:24:53","guid":{"rendered":"https:\/\/onaireventos.com\/?page_id=142"},"modified":"2025-01-08T21:28:55","modified_gmt":"2025-01-08T20:28:55","slug":"cenas-de-empresa","status":"publish","type":"page","link":"https:\/\/onaireventos.com\/index.php\/cenas-de-empresa\/","title":{"rendered":"Cenas de empresa"},"content":{"rendered":"\t\t<div data-elementor-type=\"wp-page\" data-elementor-id=\"142\" class=\"elementor elementor-142\">\n\t\t\t\t<div class=\"elementor-element elementor-element-5a0dde1 e-flex e-con-boxed e-con e-parent\" data-id=\"5a0dde1\" data-element_type=\"container\">\n\t\t\t\t\t<div class=\"e-con-inner\">\n\t\t\t\t<div class=\"elementor-element elementor-element-9d674e1 elementor-widget elementor-widget-heading\" data-id=\"9d674e1\" data-element_type=\"widget\" data-widget_type=\"heading.default\">\n\t\t\t\t<div class=\"elementor-widget-container\">\n\t\t\t\t\t<h2 class=\"elementor-heading-title elementor-size-default\">Cenas de Empresa: La Importancia de los Eventos Corporativos<\/h2>\t\t\t\t<\/div>\n\t\t\t\t<\/div>\n\t\t\t\t\t<\/div>\n\t\t\t\t<\/div>\n\t\t<div class=\"elementor-element elementor-element-fb1519c e-flex e-con-boxed e-con e-parent\" data-id=\"fb1519c\" data-element_type=\"container\">\n\t\t\t\t\t<div class=\"e-con-inner\">\n\t\t\t\t<div class=\"elementor-element elementor-element-d802d21 elementor-widget elementor-widget-text-editor\" data-id=\"d802d21\" data-element_type=\"widget\" data-widget_type=\"text-editor.default\">\n\t\t\t\t<div class=\"elementor-widget-container\">\n\t\t\t\t\t\t\t\t\t<p>Las cenas de empresa se han convertido en una pr\u00e1ctica habitual en el mundo corporativo, no solo como una forma de celebrar logros y \u00e9xitos, sino tambi\u00e9n como un medio para fortalecer las relaciones interpersonales dentro del equipo. Estos eventos ofrecen una plataforma para fomentar la cohesi\u00f3n entre los empleados, promover un ambiente de trabajo positivo y mejorar la comunicaci\u00f3n entre los distintos niveles de la organizaci\u00f3n.<\/p>\t\t\t\t\t\t\t\t<\/div>\n\t\t\t\t<\/div>\n\t\t\t\t\t<\/div>\n\t\t\t\t<\/div>\n\t\t<div class=\"elementor-element elementor-element-f19ab07 e-flex e-con-boxed e-con e-parent\" data-id=\"f19ab07\" data-element_type=\"container\">\n\t\t\t\t\t<div class=\"e-con-inner\">\n\t\t\t\t<div class=\"elementor-element elementor-element-0232ffc elementor-widget elementor-widget-heading\" data-id=\"0232ffc\" data-element_type=\"widget\" data-widget_type=\"heading.default\">\n\t\t\t\t<div class=\"elementor-widget-container\">\n\t\t\t\t\t<h2 class=\"elementor-heading-title elementor-size-default\">Objetivos de las Cenas de Empresa<\/h2>\t\t\t\t<\/div>\n\t\t\t\t<\/div>\n\t\t\t\t\t<\/div>\n\t\t\t\t<\/div>\n\t\t<div class=\"elementor-element elementor-element-9bfca32 e-flex e-con-boxed e-con e-parent\" data-id=\"9bfca32\" data-element_type=\"container\">\n\t\t\t\t\t<div class=\"e-con-inner\">\n\t\t\t\t<div class=\"elementor-element elementor-element-02ef4a3 elementor-widget elementor-widget-text-editor\" data-id=\"02ef4a3\" data-element_type=\"widget\" data-widget_type=\"text-editor.default\">\n\t\t\t\t<div class=\"elementor-widget-container\">\n\t\t\t\t\t\t\t\t\t<p>Una cena de empresa puede perseguir m\u00faltiples objetivos. En primer lugar, permite reconocer y agradecer el esfuerzo de los colaboradores, lo que a su vez puede incrementar la motivaci\u00f3n y el compromiso de los empleados con la empresa. Adem\u00e1s, es una oportunidad para compartir informaci\u00f3n relevante sobre el futuro de la organizaci\u00f3n, permitir que los l\u00edderes se conecten de manera m\u00e1s personal con sus equipos y crear un espacio en el que los empleados puedan interactuar en un entorno menos formal.<\/p>\t\t\t\t\t\t\t\t<\/div>\n\t\t\t\t<\/div>\n\t\t\t\t\t<\/div>\n\t\t\t\t<\/div>\n\t\t<div class=\"elementor-element elementor-element-b9e6acb e-flex e-con-boxed e-con e-parent\" data-id=\"b9e6acb\" data-element_type=\"container\">\n\t\t\t\t\t<div class=\"e-con-inner\">\n\t\t\t\t<div class=\"elementor-element elementor-element-b15b8cd elementor-widget elementor-widget-heading\" data-id=\"b15b8cd\" data-element_type=\"widget\" data-widget_type=\"heading.default\">\n\t\t\t\t<div class=\"elementor-widget-container\">\n\t\t\t\t\t<h2 class=\"elementor-heading-title elementor-size-default\">Planificaci\u00f3n de un Evento Exitoso<\/h2>\t\t\t\t<\/div>\n\t\t\t\t<\/div>\n\t\t\t\t\t<\/div>\n\t\t\t\t<\/div>\n\t\t<div class=\"elementor-element elementor-element-4e29cdc e-flex e-con-boxed e-con e-parent\" data-id=\"4e29cdc\" data-element_type=\"container\">\n\t\t\t\t\t<div class=\"e-con-inner\">\n\t\t\t\t<div class=\"elementor-element elementor-element-eb1ba57 elementor-widget elementor-widget-text-editor\" data-id=\"eb1ba57\" data-element_type=\"widget\" data-widget_type=\"text-editor.default\">\n\t\t\t\t<div class=\"elementor-widget-container\">\n\t\t\t\t\t\t\t\t\t<p>La planificaci\u00f3n de una cena de empresa requiere atenci\u00f3n a diversos aspectos. En primer lugar, la elecci\u00f3n del lugar es fundamental; debe ser accesible y contar con un ambiente adecuado que facilite la interacci\u00f3n. Tambi\u00e9n es esencial definir el formato del evento, que puede variar desde una cena formal hasta una comida m\u00e1s informal o un c\u00f3ctel.<\/p><p>Asimismo, la selecci\u00f3n del men\u00fa debe tener en cuenta las preferencias y restricciones diet\u00e9ticas de los asistentes. Un men\u00fa bien equilibrado no solo satisface el paladar, sino que tambi\u00e9n muestra consideraci\u00f3n hacia los empleados. Por \u00faltimo, es recomendable incluir actividades o discursos breves que puedan amenizar el encuentro y reforzar los lazos entre los asistentes.<\/p><p>En resumen, las cenas de empresa representan m\u00e1s que una simple reuni\u00f3n social; son una herramienta estrat\u00e9gica para el desarrollo organizacional. Al invertir en este tipo de eventos, las empresas pueden cultivar un ambiente de trabajo m\u00e1s armonioso y colaborativo, lo que, a largo plazo, se traduce en un mejor rendimiento y satisfacci\u00f3n laboral de los empleados. Por lo tanto, es esencial abordar la organizaci\u00f3n de estas ocasiones con una visi\u00f3n clara y un enfoque profesional.<\/p>\t\t\t\t\t\t\t\t<\/div>\n\t\t\t\t<\/div>\n\t\t\t\t\t<\/div>\n\t\t\t\t<\/div>\n\t\t\t\t<\/div>\n\t\t","protected":false},"excerpt":{"rendered":"<p> [&hellip;]<\/p>\n","protected":false},"author":2,"featured_media":0,"parent":0,"menu_order":0,"comment_status":"closed","ping_status":"closed","template":"","meta":{"footnotes":""},"class_list":["post-142","page","type-page","status-publish","hentry"],"_links":{"self":[{"href":"https:\/\/onaireventos.com\/index.php\/wp-json\/wp\/v2\/pages\/142","targetHints":{"allow":["GET"]}}],"collection":[{"href":"https:\/\/onaireventos.com\/index.php\/wp-json\/wp\/v2\/pages"}],"about":[{"href":"https:\/\/onaireventos.com\/index.php\/wp-json\/wp\/v2\/types\/page"}],"author":[{"embeddable":true,"href":"https:\/\/onaireventos.com\/index.php\/wp-json\/wp\/v2\/users\/2"}],"replies":[{"embeddable":true,"href":"https:\/\/onaireventos.com\/index.php\/wp-json\/wp\/v2\/comments?post=142"}],"version-history":[{"count":4,"href":"https:\/\/onaireventos.com\/index.php\/wp-json\/wp\/v2\/pages\/142\/revisions"}],"predecessor-version":[{"id":146,"href":"https:\/\/onaireventos.com\/index.php\/wp-json\/wp\/v2\/pages\/142\/revisions\/146"}],"wp:attachment":[{"href":"https:\/\/onaireventos.com\/index.php\/wp-json\/wp\/v2\/media?parent=142"}],"curies":[{"name":"wp","href":"https:\/\/api.w.org\/{rel}","templated":true}]}}