{"id":194,"date":"2025-01-11T11:17:54","date_gmt":"2025-01-11T10:17:54","guid":{"rendered":"https:\/\/onaireventos.com\/?page_id=194"},"modified":"2025-01-11T11:19:35","modified_gmt":"2025-01-11T10:19:35","slug":"organizacion-de-eventos-deportivos","status":"publish","type":"page","link":"https:\/\/onaireventos.com\/index.php\/organizacion-de-eventos-deportivos\/","title":{"rendered":"Organizaci\u00f3n de eventos deportivos"},"content":{"rendered":"\t\t<div data-elementor-type=\"wp-page\" data-elementor-id=\"194\" class=\"elementor elementor-194\">\n\t\t\t\t<div class=\"elementor-element elementor-element-7fcc677 e-flex e-con-boxed e-con e-parent\" data-id=\"7fcc677\" data-element_type=\"container\">\n\t\t\t\t\t<div class=\"e-con-inner\">\n\t\t\t\t<div class=\"elementor-element elementor-element-f3b4b6e elementor-widget elementor-widget-heading\" data-id=\"f3b4b6e\" data-element_type=\"widget\" data-widget_type=\"heading.default\">\n\t\t\t\t<div class=\"elementor-widget-container\">\n\t\t\t\t\t<h2 class=\"elementor-heading-title elementor-size-default\">Organizaci\u00f3n de eventos deportivos<\/h2>\t\t\t\t<\/div>\n\t\t\t\t<\/div>\n\t\t\t\t\t<\/div>\n\t\t\t\t<\/div>\n\t\t<div class=\"elementor-element elementor-element-28772a4 e-flex e-con-boxed e-con e-parent\" data-id=\"28772a4\" data-element_type=\"container\">\n\t\t\t\t\t<div class=\"e-con-inner\">\n\t\t\t\t<div class=\"elementor-element elementor-element-da2c921 elementor-widget elementor-widget-text-editor\" data-id=\"da2c921\" data-element_type=\"widget\" data-widget_type=\"text-editor.default\">\n\t\t\t\t<div class=\"elementor-widget-container\">\n\t\t\t\t\t\t\t\t\t<p>La organizaci\u00f3n de eventos deportivos es un proceso complejo que requiere una planificaci\u00f3n meticulosa y la coordinaci\u00f3n de diversos elementos clave. A continuaci\u00f3n, se presentan los pasos fundamentales que deben considerarse para llevar a cabo un evento deportivo exitoso.<br \/><br \/><strong>1. Definici\u00f3n del Objetivo:<\/strong><\/p><p>Antes de iniciar cualquier planificaci\u00f3n, es crucial establecer el objetivo del evento. Esto puede incluir la promoci\u00f3n de un deporte, la recaudaci\u00f3n de fondos, o la celebraci\u00f3n de un torneo. La claridad en los objetivos guiar\u00e1 todas las decisiones posteriores.<br \/><br \/><strong>2. Formaci\u00f3n de un Equipo Organizador:<\/strong><\/p><p>Es esencial contar con un equipo comprometido y con habilidades diversas. Este equipo debe incluir roles como coordinadores de log\u00edstica, responsables de marketing, administradores de finanzas, y personal de atenci\u00f3n al cliente. La colaboraci\u00f3n entre estos miembros es vital para abordar los distintos aspectos de la organizaci\u00f3n.<br \/><br \/><strong>3. Elaboraci\u00f3n del Presupuesto:<\/strong><\/p><p>Un presupuesto detallado es fundamental para cualquier evento. Este debe incluir costos de instalaciones, permisos, seguros, marketing, as\u00ed como posibles ingresos por inscripciones y patrocinios. Es importante prever tambi\u00e9n un margen para imprevistos, lo cual ayudar\u00e1 a evitar sorpresas financieras.<br \/><br \/><strong>4. Selecci\u00f3n de la Fecha y el Lugar:<\/strong><\/p><p>Elegir una fecha adecuada y un lugar accesible son factores cr\u00edticos en la organizaci\u00f3n de eventos deportivos. Se debe considerar la disponibilidad del lugar, el clima, y si hay otros eventos en la misma fecha que puedan afectar la asistencia.<br \/><br \/><strong>5. Obtenci\u00f3n de Permisos y Licencias:<\/strong><\/p><p>Dependiendo del tipo de evento, se pueden requerir permisos especiales. Esto incluye licencias deportivas, permisos de uso de suelo, y autorizaciones de seguridad. Es recomendable iniciar este proceso con suficiente antelaci\u00f3n para asegurar que todos los documentos est\u00e9n en regla.<br \/><br \/><strong>6. Promoci\u00f3n del Evento:<\/strong><\/p><p>Para atraer participantes y espectadores, se debe implementar una estrategia de marketing eficaz. Esto puede incluir el uso de redes sociales, colaboraciones con influencers del deporte, publicidad en medios locales, y la creaci\u00f3n de un sitio web informativo.<br \/><br \/><strong>7. Log\u00edstica y Servicios:<\/strong><\/p><p>La log\u00edstica abarca m\u00faltiples aspectos, desde la instalaci\u00f3n del lugar hasta la gesti\u00f3n de inscripciones. Tambi\u00e9n es necesario coordinar servicios como la alimentaci\u00f3n, primeros auxilios, y el transporte. Cada detalle contribuye a la experiencia general de los asistentes.<br \/><br \/><strong>8. Evaluaci\u00f3n Post-Evento:<\/strong><\/p><p>Una vez concluido el evento, es importante realizar una evaluaci\u00f3n exhaustiva. Esto incluye recoger opiniones de participantes y asistentes, revisar el cumplimiento del presupuesto, y analizar qu\u00e9 aspectos funcionaron bien o necesitan mejora para futuros eventos.<br \/><br \/>En resumen, la organizaci\u00f3n de eventos deportivos exige un enfoque integral que contemple desde la planificaci\u00f3n inicial hasta la evaluaci\u00f3n final. Al seguir estos pasos y fomentar una buena comunicaci\u00f3n dentro del equipo organizador, se puede maximizar el impacto y el \u00e9xito del evento.<\/p>\t\t\t\t\t\t\t\t<\/div>\n\t\t\t\t<\/div>\n\t\t\t\t\t<\/div>\n\t\t\t\t<\/div>\n\t\t\t\t<\/div>\n\t\t","protected":false},"excerpt":{"rendered":"<p> [&hellip;]<\/p>\n","protected":false},"author":2,"featured_media":0,"parent":0,"menu_order":0,"comment_status":"closed","ping_status":"closed","template":"","meta":{"footnotes":""},"class_list":["post-194","page","type-page","status-publish","hentry"],"_links":{"self":[{"href":"https:\/\/onaireventos.com\/index.php\/wp-json\/wp\/v2\/pages\/194","targetHints":{"allow":["GET"]}}],"collection":[{"href":"https:\/\/onaireventos.com\/index.php\/wp-json\/wp\/v2\/pages"}],"about":[{"href":"https:\/\/onaireventos.com\/index.php\/wp-json\/wp\/v2\/types\/page"}],"author":[{"embeddable":true,"href":"https:\/\/onaireventos.com\/index.php\/wp-json\/wp\/v2\/users\/2"}],"replies":[{"embeddable":true,"href":"https:\/\/onaireventos.com\/index.php\/wp-json\/wp\/v2\/comments?post=194"}],"version-history":[{"count":4,"href":"https:\/\/onaireventos.com\/index.php\/wp-json\/wp\/v2\/pages\/194\/revisions"}],"predecessor-version":[{"id":198,"href":"https:\/\/onaireventos.com\/index.php\/wp-json\/wp\/v2\/pages\/194\/revisions\/198"}],"wp:attachment":[{"href":"https:\/\/onaireventos.com\/index.php\/wp-json\/wp\/v2\/media?parent=194"}],"curies":[{"name":"wp","href":"https:\/\/api.w.org\/{rel}","templated":true}]}}