{"id":263,"date":"2025-01-26T16:03:41","date_gmt":"2025-01-26T15:03:41","guid":{"rendered":"https:\/\/onaireventos.com\/?page_id=263"},"modified":"2025-01-26T16:07:14","modified_gmt":"2025-01-26T15:07:14","slug":"conferencias-para-empresas","status":"publish","type":"page","link":"https:\/\/onaireventos.com\/index.php\/conferencias-para-empresas\/","title":{"rendered":"Conferencias para Empresas"},"content":{"rendered":"\t\t<div data-elementor-type=\"wp-page\" data-elementor-id=\"263\" class=\"elementor elementor-263\">\n\t\t\t\t<div class=\"elementor-element elementor-element-a1ca935 e-flex e-con-boxed e-con e-parent\" data-id=\"a1ca935\" data-element_type=\"container\">\n\t\t\t\t\t<div class=\"e-con-inner\">\n\t\t\t\t<div class=\"elementor-element elementor-element-7e06400 elementor-widget elementor-widget-heading\" data-id=\"7e06400\" data-element_type=\"widget\" data-widget_type=\"heading.default\">\n\t\t\t\t<div class=\"elementor-widget-container\">\n\t\t\t\t\t<h2 class=\"elementor-heading-title elementor-size-default\">Conferencias para Empresas<\/h2>\t\t\t\t<\/div>\n\t\t\t\t<\/div>\n\t\t\t\t\t<\/div>\n\t\t\t\t<\/div>\n\t\t<div class=\"elementor-element elementor-element-b0fd27a e-flex e-con-boxed e-con e-parent\" data-id=\"b0fd27a\" data-element_type=\"container\">\n\t\t\t\t\t<div class=\"e-con-inner\">\n\t\t\t\t<div class=\"elementor-element elementor-element-96dc487 elementor-widget elementor-widget-text-editor\" data-id=\"96dc487\" data-element_type=\"widget\" data-widget_type=\"text-editor.default\">\n\t\t\t\t<div class=\"elementor-widget-container\">\n\t\t\t\t\t\t\t\t\t<p>La organizaci\u00f3n de conferencias para empresas es un proceso fundamental que no solo garantiza el \u00e9xito del evento, sino que tambi\u00e9n contribuye al fortalecimiento de la cultura corporativa y a la mejora del rendimiento laboral. A continuaci\u00f3n, se detallan los aspectos clave que deben considerarse al planificar y ejecutar una conferencia empresarial.<\/p><p>1. Definici\u00f3n de objetivos y audiencia<\/p><p>Antes de iniciar la planificaci\u00f3n, es crucial definir los objetivos que se desean alcanzar con la conferencia. Esto puede incluir la formaci\u00f3n de los empleados, la presentaci\u00f3n de nuevos productos, el fomento del trabajo en equipo o la mejora de la comunicaci\u00f3n interna. Asimismo, identificar a la audiencia adecuada permitir\u00e1 adaptar el contenido y las din\u00e1micas para maximizar el impacto del evento.<\/p><p>2. Selecci\u00f3n de la fecha y el lugar<\/p><p>La elecci\u00f3n de la fecha debe hacerse considerando la disponibilidad de los participantes, evitando periodos de alta carga laboral o feriados. El lugar debe ser accesible y contar con las facilidades necesarias como equipos audiovisuales, espacios para trabajar en grupo y \u00e1reas para el descanso y la alimentaci\u00f3n.<\/p><p>3. Agenda y programa del evento<\/p><p>Una agenda bien estructurada es esencial para mantener el ritmo de la conferencia. Esta debe incluir ponencias, paneles de discusi\u00f3n, talleres pr\u00e1cticos y tiempos de networking. Es recomendable enviar la agenda con antelaci\u00f3n a los participantes para que puedan prepararse adecuadamente y ajustar sus expectativas.<\/p><p>4. Selecci\u00f3n de ponentes y facilitadores<\/p><p>La calidad de los ponentes influye directamente en el valor percibido de la conferencia. Es fundamental seleccionar expertos en los temas a tratar, que posean habilidades comunicativas efectivas. La diversidad en la selecci\u00f3n de ponentes tambi\u00e9n enriquecer\u00e1 las perspectivas y fomentar\u00e1 un di\u00e1logo m\u00e1s din\u00e1mico entre los asistentes.<\/p><p>5. Log\u00edstica y materiales<\/p><p>Planificar la log\u00edstica es vital para evitar contratiempos. Esto incluye la coordinaci\u00f3n del transporte, el alojamiento de los ponentes si es necesario, y la provisi\u00f3n de materiales como agendas impresas, material did\u00e1ctico y obsequios promocionales. La tecnolog\u00eda debe ser una aliada, por lo que la contrataci\u00f3n de servicios de streaming y grabaci\u00f3n puede ser beneficiosa para aquellos que no puedan asistir en persona.<\/p><p>6. Evaluaci\u00f3n post-evento<\/p><p>La evaluaci\u00f3n del impacto de la conferencia es una etapa que no debe pasarse por alto. Se pueden llevar a cabo encuestas de satisfacci\u00f3n para recopilar opiniones sobre los diferentes aspectos del evento. Esta retroalimentaci\u00f3n ser\u00e1 invaluable para mejorar futuras conferencias y entender mejor las necesidades del personal.<\/p><p>Conclusi\u00f3n<\/p><p>La organizaci\u00f3n efectiva de conferencias para empresas requiere una planificaci\u00f3n cuidadosa y un enfoque estrat\u00e9gico. Al seguir estos pasos, las empresas pueden garantizar eventos exitosos que no solo informen, sino que tambi\u00e9n inspiren y motiven a sus empleados, contribuyendo as\u00ed a un entorno laboral m\u00e1s colaborativo y eficiente.<\/p>\t\t\t\t\t\t\t\t<\/div>\n\t\t\t\t<\/div>\n\t\t\t\t\t<\/div>\n\t\t\t\t<\/div>\n\t\t\t\t<\/div>\n\t\t","protected":false},"excerpt":{"rendered":"<p> [&hellip;]<\/p>\n","protected":false},"author":2,"featured_media":0,"parent":0,"menu_order":0,"comment_status":"closed","ping_status":"closed","template":"","meta":{"footnotes":""},"class_list":["post-263","page","type-page","status-publish","hentry"],"_links":{"self":[{"href":"https:\/\/onaireventos.com\/index.php\/wp-json\/wp\/v2\/pages\/263","targetHints":{"allow":["GET"]}}],"collection":[{"href":"https:\/\/onaireventos.com\/index.php\/wp-json\/wp\/v2\/pages"}],"about":[{"href":"https:\/\/onaireventos.com\/index.php\/wp-json\/wp\/v2\/types\/page"}],"author":[{"embeddable":true,"href":"https:\/\/onaireventos.com\/index.php\/wp-json\/wp\/v2\/users\/2"}],"replies":[{"embeddable":true,"href":"https:\/\/onaireventos.com\/index.php\/wp-json\/wp\/v2\/comments?post=263"}],"version-history":[{"count":7,"href":"https:\/\/onaireventos.com\/index.php\/wp-json\/wp\/v2\/pages\/263\/revisions"}],"predecessor-version":[{"id":271,"href":"https:\/\/onaireventos.com\/index.php\/wp-json\/wp\/v2\/pages\/263\/revisions\/271"}],"wp:attachment":[{"href":"https:\/\/onaireventos.com\/index.php\/wp-json\/wp\/v2\/media?parent=263"}],"curies":[{"name":"wp","href":"https:\/\/api.w.org\/{rel}","templated":true}]}}